{"id":140,"date":"2015-01-08T17:52:52","date_gmt":"2015-01-08T16:52:52","guid":{"rendered":"https:\/\/ssm-stahl.de\/cms\/?page_id=140"},"modified":"2019-09-03T09:38:50","modified_gmt":"2019-09-03T08:38:50","slug":"heliports","status":"publish","type":"page","link":"https:\/\/ssm-stahl.de\/cms\/?page_id=140","title":{"rendered":"Hubschrauberlandepl\u00e4tze"},"content":{"rendered":"\n<div id=\"metaslider-id-16\" style=\"max-width: 700px;\" class=\"ml-slider-3-15-3 metaslider metaslider-flex metaslider-16 ml-slider\">\n    <div id=\"metaslider_container_16\">\n        <div id=\"metaslider_16\" class=\"flexslider\">\n            <ul aria-live=\"polite\" class=\"slides\">\n                <li style=\"display: block; width: 100%;\" class=\"slide-1065 ms-image\"><img loading=\"lazy\" decoding=\"async\" src=\"https:\/\/ssm-stahl.de\/cms\/wp-content\/uploads\/2019\/10\/SSM-Stahl-12-700x400.jpg\" height=\"400\" width=\"700\" alt=\"\" class=\"slider-16 slide-1065\" title=\"SSM-Stahl-12\" \/><\/li>\n                <li style=\"display: none; width: 100%;\" class=\"slide-223 ms-image\"><img loading=\"lazy\" decoding=\"async\" src=\"https:\/\/ssm-stahl.de\/cms\/wp-content\/uploads\/2015\/01\/page_top_heli_en.jpg\" height=\"400\" width=\"700\" alt=\"Heliport\" class=\"slider-16 slide-223\" \/><\/li>\n                <li style=\"display: none; width: 100%;\" class=\"slide-314 ms-image\"><img loading=\"lazy\" decoding=\"async\" src=\"https:\/\/ssm-stahl.de\/cms\/wp-content\/uploads\/2015\/01\/helislider_3.jpg\" height=\"400\" width=\"700\" alt=\"\" class=\"slider-16 slide-314\" \/><\/li>\n                <li style=\"display: none; width: 100%;\" class=\"slide-315 ms-image\"><img loading=\"lazy\" decoding=\"async\" src=\"https:\/\/ssm-stahl.de\/cms\/wp-content\/uploads\/2015\/01\/helislider_4.jpg\" height=\"400\" width=\"700\" alt=\"Heliport Kassel\" class=\"slider-16 slide-315\" \/><\/li>\n                <li style=\"display: none; width: 100%;\" class=\"slide-343 ms-image\"><img loading=\"lazy\" decoding=\"async\" src=\"https:\/\/ssm-stahl.de\/cms\/wp-content\/uploads\/2015\/01\/helislider_2.jpg\" height=\"400\" width=\"700\" alt=\"\" class=\"slider-16 slide-343\" \/><\/li>\n                <li style=\"display: none; width: 100%;\" class=\"slide-316 ms-image\"><img loading=\"lazy\" decoding=\"async\" src=\"https:\/\/ssm-stahl.de\/cms\/wp-content\/uploads\/2015\/01\/helislider_5.jpg\" height=\"400\" width=\"700\" alt=\"Heliport Borwin\" class=\"slider-16 slide-316\" \/><\/li>\n                <li style=\"display: none; width: 100%;\" class=\"slide-918 ms-image\"><img loading=\"lazy\" decoding=\"async\" src=\"https:\/\/ssm-stahl.de\/cms\/wp-content\/uploads\/2017\/10\/helislider_6.jpg\" height=\"400\" width=\"700\" alt=\"\" class=\"slider-16 slide-918\" \/><\/li>\n            <\/ul>\n        <\/div>\n        \n    <\/div>\n<\/div>\n<p>Wir bauen und montieren Hubschrauberlandepl\u00e4tze aus Stahl. Unsere Leistungen umfassen die Planung, die Ausf\u00fchrung, den Betrieb und auf Wunsch helfen wir bei der Finanzierung. Unser Unternehmen bietet als einziger Hersteller weltweit ein Helidecksystem mit verschiedenen Variationen an. Das Helideck wird als Aluminiumpanelsystem angefertigt. Um den jeweiligen W\u00fcnschen und Anforderungen gerecht zu werden, liefern wir den Unterbau wahlweise in Stahl oder Aluminium.<\/p>\n<p>Die Vorteile unserer Heliports:<\/p>\n<ul>\n<li>Nachtr\u00e4gliche Installation von Landepl\u00e4tzen m\u00f6glich. Die Landepl\u00e4tze k\u00f6nnen auf schon bestehende Geb\u00e4ude gebaut werden<\/li>\n<li>Einfache Erweiterbarkeit der Landefl\u00e4che<\/li>\n<li>Der Landeplatz ist ab- und wieder aufbaubar und kann auf jedem St\u00fctzenraster umgesetzt werden<\/li>\n<li>Schnelle Montage durch vorgefertigte Teile<\/li>\n<li>Angepasstes Entw\u00e4sserungssystem<\/li>\n<li>Hohes Ma\u00df an Sicherheit durch rutschfeste Oberfl\u00e4che<\/li>\n<\/ul>\n<p>Der Landeplatz wird energieeffizient beheizt, um auch im Winter die optimale Sicherheit zu gew\u00e4hrleisten.<\/p>\n<p>Eine Fotogalerie unserer Hubschrauberlandepl\u00e4tze <a href=\"https:\/\/ssm-stahl.de\/cms\/?page_id=525\">finden Sie hier.<\/a><\/p>\n<p><video poster=\"https:\/\/ssm-stahl.de\/cms\/wp-content\/uploads\/2019\/09\/BHV.png\" controls=\"controls\" width=\"514\" height=\"360\"><source src=\"https:\/\/ssm-stahl.de\/cms\/wp-content\/uploads\/2019\/09\/Zeitraffer.mp4\" type=\"video\/mp4\"\/><\/video><\/p>\n<p><strong>Weitere Informationen:<\/strong><br \/><h3 class=\"toggle icon\"><a href=\"#\">Hubschrauberlandepl\u00e4tze an Land<\/a><\/h3><div class=\"qtt icon\" style=\"display: none;\"><p><\/p>\n<p><img loading=\"lazy\" decoding=\"async\" class=\"alignnone wp-image-174\" src=\"https:\/\/ssm-stahl.de\/cms\/wp-content\/uploads\/2015\/01\/heliport_land-e1421659818883.png\" alt=\"Heliport\" width=\"660\" height=\"230\" srcset=\"https:\/\/ssm-stahl.de\/cms\/wp-content\/uploads\/2015\/01\/heliport_land-e1421659818883.png 645w, https:\/\/ssm-stahl.de\/cms\/wp-content\/uploads\/2015\/01\/heliport_land-e1421659818883-400x140.png 400w\" sizes=\"auto, (max-width: 660px) 100vw, 660px\" \/><\/p>\n<p>Verletzte schnellstm\u00f6glich in die Klinik zu bringen, ist von gro\u00dfer Bedeutung. Unser System bietet Krankenh\u00e4usern flexible M\u00f6glichkeiten der Anpassung an \u00f6rtliche Gegebenheiten, um den Anforderungen der steigenden Anzahl von Luftrettungseins\u00e4tzen gerecht zu werden.<\/p>\n<p>Die SSM-Landepl\u00e4tze bestehen im Groben aus folgenden Teilen:<\/p>\n<ul>\n<li>Transportierbares \u00dcberdachungssystem<\/li>\n<li>L\u00f6schanlage<\/li>\n<li>Beleuchtung<\/li>\n<li>Windsack<\/li>\n<li>Kerosinabschneider<\/li>\n<li>\u00dcberrollb\u00fcgel und Notfalltreppe<\/li>\n<li>Beheizung der Plattform mit Steuerung<\/li>\n<li>Rutschfeste Plattform<\/li>\n<\/ul>\n<p><\/p><\/div><\/p>\n<h3 class=\"toggle icon\"><a href=\"#\">Hubschrauberlandepl\u00e4tze auf See<\/a><\/h3><div class=\"qtt icon\" style=\"display: none;\"><p><\/p>\n<p><img loading=\"lazy\" decoding=\"async\" class=\"alignnone wp-image-178 size-full\" src=\"https:\/\/ssm-stahl.de\/cms\/wp-content\/uploads\/2015\/01\/heliport_sea.png\" alt=\"Heliport\" width=\"660\" height=\"230\" srcset=\"https:\/\/ssm-stahl.de\/cms\/wp-content\/uploads\/2015\/01\/heliport_sea.png 660w, https:\/\/ssm-stahl.de\/cms\/wp-content\/uploads\/2015\/01\/heliport_sea-400x139.png 400w\" sizes=\"auto, (max-width: 660px) 100vw, 660px\" \/><\/p>\n<p>Sicher starten und landen zu jeder Zeit &#8211; an jedem Ort &#8211; bei jedem Wetter: Hubschrauber-Landeplattformen von SSM.<\/p>\n<ul>\n<li>60% leichter als Stahlkonstruktionen<\/li>\n<li>Seewasserbest\u00e4ndige Aluminiumkonstruktion (lange Lebensdauer)<\/li>\n<li>Einfache Montage<\/li>\n<li>Elektrisch, hydraulisch beheizbar<\/li>\n<li>Rutschfeste Plattform<\/li>\n<li>An jede Kontur anpassbar &#8211; Schiff, Bohrinsel, Trafostation<\/li>\n<li>Sprinklersystem zur Feuerbek\u00e4mpfung<\/li>\n<li>Kein Korrosionsschutz notwendig<\/li>\n<li>Feuerresistente Konstruktion<\/li>\n<li>Nach nationalen und internationalen Standards<\/li>\n<\/ul>\n<p><\/p><\/div>\n","protected":false},"excerpt":{"rendered":"<p>Wir bauen und montieren Hubschrauberlandepl\u00e4tze aus Stahl. Unsere Leistungen umfassen die Planung, die Ausf\u00fchrung, den Betrieb und auf Wunsch helfen wir bei der Finanzierung. Unser Unternehmen bietet als einziger Hersteller weltweit ein Helidecksystem mit verschiedenen Variationen an. Das Helideck wird<a class=\"more-link\" href=\"https:\/\/ssm-stahl.de\/cms\/?page_id=140\"><span>Weiterlesen&#8230;<\/span><\/a><\/p>\n","protected":false},"author":1,"featured_media":0,"parent":0,"menu_order":10,"comment_status":"closed","ping_status":"closed","template":"","meta":{"footnotes":""},"class_list":["post-140","page","type-page","status-publish","hentry"],"aioseo_notices":[],"_links":{"self":[{"href":"https:\/\/ssm-stahl.de\/cms\/index.php?rest_route=\/wp\/v2\/pages\/140","targetHints":{"allow":["GET"]}}],"collection":[{"href":"https:\/\/ssm-stahl.de\/cms\/index.php?rest_route=\/wp\/v2\/pages"}],"about":[{"href":"https:\/\/ssm-stahl.de\/cms\/index.php?rest_route=\/wp\/v2\/types\/page"}],"author":[{"embeddable":true,"href":"https:\/\/ssm-stahl.de\/cms\/index.php?rest_route=\/wp\/v2\/users\/1"}],"replies":[{"embeddable":true,"href":"https:\/\/ssm-stahl.de\/cms\/index.php?rest_route=%2Fwp%2Fv2%2Fcomments&post=140"}],"version-history":[{"count":4,"href":"https:\/\/ssm-stahl.de\/cms\/index.php?rest_route=\/wp\/v2\/pages\/140\/revisions"}],"predecessor-version":[{"id":955,"href":"https:\/\/ssm-stahl.de\/cms\/index.php?rest_route=\/wp\/v2\/pages\/140\/revisions\/955"}],"wp:attachment":[{"href":"https:\/\/ssm-stahl.de\/cms\/index.php?rest_route=%2Fwp%2Fv2%2Fmedia&parent=140"}],"curies":[{"name":"wp","href":"https:\/\/api.w.org\/{rel}","templated":true}]}}