{"id":270,"date":"2015-01-13T13:00:52","date_gmt":"2015-01-13T12:00:52","guid":{"rendered":"https:\/\/ssm-stahl.de\/cms\/?page_id=270"},"modified":"2019-09-03T10:14:08","modified_gmt":"2019-09-03T09:14:08","slug":"verkehrszeichenbau","status":"publish","type":"page","link":"https:\/\/ssm-stahl.de\/cms\/?page_id=270","title":{"rendered":"Br\u00fcckenbau"},"content":{"rendered":"<div id=\"metaslider-id-327\" style=\"max-width: 700px;\" class=\"ml-slider-3-15-3 metaslider metaslider-flex metaslider-327 ml-slider\">\n    <div id=\"metaslider_container_327\">\n        <div id=\"metaslider_327\" class=\"flexslider\">\n            <ul aria-live=\"polite\" class=\"slides\">\n                <li style=\"display: block; width: 100%;\" class=\"slide-1005 ms-image\"><img loading=\"lazy\" decoding=\"async\" src=\"https:\/\/ssm-stahl.de\/cms\/wp-content\/uploads\/2019\/10\/SSM-Stahl-11-700x400.jpg\" height=\"400\" width=\"700\" alt=\"\" class=\"slider-327 slide-1005\" title=\"SSM-Stahl-11\" \/><\/li>\n                <li style=\"display: none; width: 100%;\" class=\"slide-1064 ms-image\"><img loading=\"lazy\" decoding=\"async\" src=\"https:\/\/ssm-stahl.de\/cms\/wp-content\/uploads\/2019\/10\/SSM-Stahl-10-700x400.jpg\" height=\"400\" width=\"700\" alt=\"\" class=\"slider-327 slide-1064\" title=\"SSM-Stahl-10\" \/><\/li>\n                <li style=\"display: none; width: 100%;\" class=\"slide-1063 ms-image\"><img loading=\"lazy\" decoding=\"async\" src=\"https:\/\/ssm-stahl.de\/cms\/wp-content\/uploads\/2019\/10\/SSM-Stahl-30-700x400.jpg\" height=\"400\" width=\"700\" alt=\"\" class=\"slider-327 slide-1063\" title=\"SSM-Stahl-30\" \/><\/li>\n                <li style=\"display: none; width: 100%;\" class=\"slide-1006 ms-image\"><img loading=\"lazy\" decoding=\"async\" src=\"https:\/\/ssm-stahl.de\/cms\/wp-content\/uploads\/2019\/10\/SSM-Stahl-21-700x400.jpg\" height=\"400\" width=\"700\" alt=\"\" class=\"slider-327 slide-1006\" title=\"SSM-Stahl-21\" \/><\/li>\n                <li style=\"display: none; width: 100%;\" class=\"slide-1004 ms-image\"><img loading=\"lazy\" decoding=\"async\" src=\"https:\/\/ssm-stahl.de\/cms\/wp-content\/uploads\/2019\/10\/SSM-Stahl-22-700x400.jpg\" height=\"400\" width=\"700\" alt=\"\" class=\"slider-327 slide-1004\" title=\"SSM-Stahl-22\" \/><\/li>\n                <li style=\"display: none; width: 100%;\" class=\"slide-334 ms-image\"><img loading=\"lazy\" decoding=\"async\" src=\"https:\/\/ssm-stahl.de\/cms\/wp-content\/uploads\/2015\/01\/v_slider_1.jpg\" height=\"400\" width=\"700\" alt=\"\" class=\"slider-327 slide-334\" \/><\/li>\n                <li style=\"display: none; width: 100%;\" class=\"slide-335 ms-image\"><img loading=\"lazy\" decoding=\"async\" src=\"https:\/\/ssm-stahl.de\/cms\/wp-content\/uploads\/2015\/01\/v_slider_2.jpg\" height=\"400\" width=\"700\" alt=\"\" class=\"slider-327 slide-335\" \/><\/li>\n                <li style=\"display: none; width: 100%;\" class=\"slide-336 ms-image\"><img loading=\"lazy\" decoding=\"async\" src=\"https:\/\/ssm-stahl.de\/cms\/wp-content\/uploads\/2015\/01\/v_slider_3.jpg\" height=\"400\" width=\"700\" alt=\"\" class=\"slider-327 slide-336\" \/><\/li>\n            <\/ul>\n        <\/div>\n        \n    <\/div>\n<\/div>\n<p>Im Gesch\u00e4ftsfeld Verkehrszeichenbau haben wir uns auf die Herstellung von Bauwerken f\u00fcr die Verbesserung von infrastrukturellen Ma\u00dfnahmen spezialisiert. Hier bieten wir unter anderem bundesweit Komplettl\u00f6sungen von der statischen Berechnung bis zur Montage von Verkehrszeichenbr\u00fccken (VZB) aus Stahl an. Stahl ist ein Werkstoff, der besonders im Br\u00fcckenbau stabile und dennoch filigrane Bauwerke erm\u00f6glicht. Das geringe Gewicht, die hohe Festigkeit sowie die Langlebigkeit sind gute Argumente f\u00fcr Br\u00fccken aus Stahl.<\/p>\n<p>Zu unserem Leistungsspektrum z\u00e4hlen unter anderemder Verkehrszeichenbr\u00fccken (VZB) und der Br\u00fcckenbau.<\/p>\n<p>&nbsp;<\/p>\n","protected":false},"excerpt":{"rendered":"<p>Im Gesch\u00e4ftsfeld Verkehrszeichenbau haben wir uns auf die Herstellung von Bauwerken f\u00fcr die Verbesserung von infrastrukturellen Ma\u00dfnahmen spezialisiert. Hier bieten wir unter anderem bundesweit Komplettl\u00f6sungen von der statischen Berechnung bis zur Montage von Verkehrszeichenbr\u00fccken (VZB) aus Stahl an. Stahl ist<a class=\"more-link\" href=\"https:\/\/ssm-stahl.de\/cms\/?page_id=270\"><span>Weiterlesen&#8230;<\/span><\/a><\/p>\n","protected":false},"author":1,"featured_media":0,"parent":0,"menu_order":10,"comment_status":"closed","ping_status":"closed","template":"","meta":{"footnotes":""},"class_list":["post-270","page","type-page","status-publish","hentry"],"aioseo_notices":[],"_links":{"self":[{"href":"https:\/\/ssm-stahl.de\/cms\/index.php?rest_route=\/wp\/v2\/pages\/270","targetHints":{"allow":["GET"]}}],"collection":[{"href":"https:\/\/ssm-stahl.de\/cms\/index.php?rest_route=\/wp\/v2\/pages"}],"about":[{"href":"https:\/\/ssm-stahl.de\/cms\/index.php?rest_route=\/wp\/v2\/types\/page"}],"author":[{"embeddable":true,"href":"https:\/\/ssm-stahl.de\/cms\/index.php?rest_route=\/wp\/v2\/users\/1"}],"replies":[{"embeddable":true,"href":"https:\/\/ssm-stahl.de\/cms\/index.php?rest_route=%2Fwp%2Fv2%2Fcomments&post=270"}],"version-history":[{"count":1,"href":"https:\/\/ssm-stahl.de\/cms\/index.php?rest_route=\/wp\/v2\/pages\/270\/revisions"}],"predecessor-version":[{"id":956,"href":"https:\/\/ssm-stahl.de\/cms\/index.php?rest_route=\/wp\/v2\/pages\/270\/revisions\/956"}],"wp:attachment":[{"href":"https:\/\/ssm-stahl.de\/cms\/index.php?rest_route=%2Fwp%2Fv2%2Fmedia&parent=270"}],"curies":[{"name":"wp","href":"https:\/\/api.w.org\/{rel}","templated":true}]}}