{"id":37,"date":"2015-01-07T13:50:47","date_gmt":"2015-01-07T12:50:47","guid":{"rendered":"https:\/\/ssm-stahl.de\/cms\/?page_id=37"},"modified":"2019-09-19T19:05:16","modified_gmt":"2019-09-19T18:05:16","slug":"unternehmen","status":"publish","type":"page","link":"https:\/\/ssm-stahl.de\/cms\/?page_id=37","title":{"rendered":"Unternehmen"},"content":{"rendered":"<p><img loading=\"lazy\" decoding=\"async\" class=\"alignnone wp-image-993 size-full\" src=\"https:\/\/ssm-stahl.de\/cms\/wp-content\/uploads\/2019\/09\/FeuerQuell-Fotografie-19041241.jpg\" alt=\"\" width=\"5180\" height=\"3451\" srcset=\"https:\/\/ssm-stahl.de\/cms\/wp-content\/uploads\/2019\/09\/FeuerQuell-Fotografie-19041241.jpg 5180w, https:\/\/ssm-stahl.de\/cms\/wp-content\/uploads\/2019\/09\/FeuerQuell-Fotografie-19041241-400x266.jpg 400w, https:\/\/ssm-stahl.de\/cms\/wp-content\/uploads\/2019\/09\/FeuerQuell-Fotografie-19041241-768x512.jpg 768w, https:\/\/ssm-stahl.de\/cms\/wp-content\/uploads\/2019\/09\/FeuerQuell-Fotografie-19041241-1024x682.jpg 1024w\" sizes=\"auto, (max-width: 5180px) 100vw, 5180px\" \/><\/p>\n<p>Die SSM GmbH hat ihren Stammsitz im ostfriesischen Westoverledingen, f\u00fcnf Kilometer n\u00f6rdlich von Papenburg. Wir fertigen im Stahl- und Maschinenbau systematisch nach Ihren individuellen Vorgaben. Bei uns herrscht die Devise \u201egeht nicht gibt\u00b4s nicht\u201c. Zur Produktpalette unseres Unternehmens geh\u00f6ren neben klassischen Stahlkonstruktionen besonders die Konstruktion, Bau und Montage von Hubschrauberlandepl\u00e4tzen aus Stahl und Aluminium, der Verkehrszeichenbau, Turbinengeh\u00e4use f\u00fcr Windenergieanlagen sowie die Konstruktion und der Bau von Leuchtt\u00fcrmen und Antennentr\u00e4gern.<\/p>\n<p>Durch die optimale Planung und Fertigung aus einer Hand ist reibungsfreier Prozess geleistet. Die gro\u00dfe Herstellerqualifikation zum Schwei\u00dfen von Stahlbauten nach DIN 18800 Teil 7 Klasse E liegt in unserem Hause vor. Unser Kundenkreis (National wie International) umfasst viele Branchen der Investitionsg\u00fcterindustrie. Entsprechend breit ist unser Teilespektrum, &#8211; von gro\u00dfen Tr\u00e4ger- und Maschinenrahmen bis hin zu komplexen Baugruppen<strong>.<\/strong><\/p>\n<p>Wir wachsen gegen den Trend und planen aktuell den Neubau einer weiteren Fertigungshalle, um den gestiegenen Kundenanforderungen gerecht zu werden.<\/p>\n","protected":false},"excerpt":{"rendered":"<p>Die SSM GmbH hat ihren Stammsitz im ostfriesischen Westoverledingen, f\u00fcnf Kilometer n\u00f6rdlich von Papenburg. Wir fertigen im Stahl- und Maschinenbau systematisch nach Ihren individuellen Vorgaben. Bei uns herrscht die Devise \u201egeht nicht gibt\u00b4s nicht\u201c. Zur Produktpalette unseres Unternehmens geh\u00f6ren neben<a class=\"more-link\" href=\"https:\/\/ssm-stahl.de\/cms\/?page_id=37\"><span>Weiterlesen&#8230;<\/span><\/a><\/p>\n","protected":false},"author":1,"featured_media":0,"parent":0,"menu_order":12,"comment_status":"closed","ping_status":"closed","template":"","meta":{"footnotes":""},"class_list":["post-37","page","type-page","status-publish","hentry"],"aioseo_notices":[],"_links":{"self":[{"href":"https:\/\/ssm-stahl.de\/cms\/index.php?rest_route=\/wp\/v2\/pages\/37","targetHints":{"allow":["GET"]}}],"collection":[{"href":"https:\/\/ssm-stahl.de\/cms\/index.php?rest_route=\/wp\/v2\/pages"}],"about":[{"href":"https:\/\/ssm-stahl.de\/cms\/index.php?rest_route=\/wp\/v2\/types\/page"}],"author":[{"embeddable":true,"href":"https:\/\/ssm-stahl.de\/cms\/index.php?rest_route=\/wp\/v2\/users\/1"}],"replies":[{"embeddable":true,"href":"https:\/\/ssm-stahl.de\/cms\/index.php?rest_route=%2Fwp%2Fv2%2Fcomments&post=37"}],"version-history":[{"count":1,"href":"https:\/\/ssm-stahl.de\/cms\/index.php?rest_route=\/wp\/v2\/pages\/37\/revisions"}],"predecessor-version":[{"id":1007,"href":"https:\/\/ssm-stahl.de\/cms\/index.php?rest_route=\/wp\/v2\/pages\/37\/revisions\/1007"}],"wp:attachment":[{"href":"https:\/\/ssm-stahl.de\/cms\/index.php?rest_route=%2Fwp%2Fv2%2Fmedia&parent=37"}],"curies":[{"name":"wp","href":"https:\/\/api.w.org\/{rel}","templated":true}]}}